{"id":37,"date":"2022-04-05T08:41:57","date_gmt":"2022-04-05T08:41:57","guid":{"rendered":"https:\/\/www.tranebanken.dk\/?page_id=37"},"modified":"2022-04-05T11:43:24","modified_gmt":"2022-04-05T11:43:24","slug":"lokalplan","status":"publish","type":"page","link":"https:\/\/www.tranebanken.dk\/?page_id=37","title":{"rendered":"Lokalplan"},"content":{"rendered":"\n<pre class=\"wp-block-preformatted\">Lokalplaner for omr\u00e5det ved Tranebanken.\nKlik p\u00e5 den lokalplan du \u00f8nsker at se.\n\n<a href=\"https:\/\/www.tranebanken.dk\/wp-content\/uploads\/2022\/04\/Lokalplan-nr-5-05.pdf\" target=\"_blank\" rel=\"noreferrer noopener\">Lokalplan nr. 5-05<\/a>\n<a href=\"https:\/\/www.tranebanken.dk\/wp-content\/uploads\/2022\/04\/Lokalplan-nr-5-05-2.pdf\">Lokalplan nr. 5-05.2<\/a><\/pre>\n","protected":false},"excerpt":{"rendered":"<p>Lokalplaner for omr\u00e5det ved Tranebanken. Klik p\u00e5 den lokalplan du \u00f8nsker at se. Lokalplan nr. 5-05 Lokalplan nr. 5-05.2<\/p>\n","protected":false},"author":1,"featured_media":0,"parent":0,"menu_order":0,"comment_status":"closed","ping_status":"closed","template":"","meta":{"footnotes":""},"class_list":["post-37","page","type-page","status-publish","hentry"],"_links":{"self":[{"href":"https:\/\/www.tranebanken.dk\/index.php?rest_route=\/wp\/v2\/pages\/37","targetHints":{"allow":["GET"]}}],"collection":[{"href":"https:\/\/www.tranebanken.dk\/index.php?rest_route=\/wp\/v2\/pages"}],"about":[{"href":"https:\/\/www.tranebanken.dk\/index.php?rest_route=\/wp\/v2\/types\/page"}],"author":[{"embeddable":true,"href":"https:\/\/www.tranebanken.dk\/index.php?rest_route=\/wp\/v2\/users\/1"}],"replies":[{"embeddable":true,"href":"https:\/\/www.tranebanken.dk\/index.php?rest_route=%2Fwp%2Fv2%2Fcomments&post=37"}],"version-history":[{"count":5,"href":"https:\/\/www.tranebanken.dk\/index.php?rest_route=\/wp\/v2\/pages\/37\/revisions"}],"predecessor-version":[{"id":87,"href":"https:\/\/www.tranebanken.dk\/index.php?rest_route=\/wp\/v2\/pages\/37\/revisions\/87"}],"wp:attachment":[{"href":"https:\/\/www.tranebanken.dk\/index.php?rest_route=%2Fwp%2Fv2%2Fmedia&parent=37"}],"curies":[{"name":"wp","href":"https:\/\/api.w.org\/{rel}","templated":true}]}}