{"id":28,"date":"2022-04-05T08:36:31","date_gmt":"2022-04-05T08:36:31","guid":{"rendered":"https:\/\/www.tranebanken.dk\/?page_id=28"},"modified":"2025-07-13T07:24:11","modified_gmt":"2025-07-13T07:24:11","slug":"ejendomsmaeglere","status":"publish","type":"page","link":"https:\/\/www.tranebanken.dk\/?page_id=28","title":{"rendered":"Ejendomsm\u00e6glere"},"content":{"rendered":"\n<pre class=\"wp-block-preformatted\"><strong>Information til ejendomsm\u00e6glere<\/strong><br><br>- Vedt\u00e6gter, referater mv. kan findes p\u00e5 www.tranebanken.dk<br><br>- Der er medlemspligt af grundejerforeningen<br><br>- Grundejerforeningens kontingent udg\u00f8r i 2025 kr. 2250,00 der opkr\u00e6ves i l\u00f8bet af andet kvartal<br><br>- Kontingentet d\u00e6kker det kalender\u00e5r, hvori det er betalt<br><br>- Kontingentet stiger med 150 kr. \u00e5rligt indtil generalforsamlingen beslutter noget andet. Der spares op til ny vejbel\u00e6gning<br><br>- Der er pt. ingen, der er i kontingentrestance<br><br>- Kontingentet d\u00e6kker samtlige udgifter i forbindelse med grundejerforeningen<br><br>- Der er ingen f\u00e6llesg\u00e6ld<br><br>- Der er ingen tinglyst sikkerhed<br><br>- Der betales intet indskud til grundejerforeningen<br><br>- Der er intet ordensreglement for omr\u00e5det<br><br>- Vi tager ikke gebyrer for henvendelser<br><br>- Grundejerforeningen leverer hverken TV-signal eller internet<br><br>- Hvis der, mod forventning, mangler oplysninger kontakt da venligst formanden<br><\/pre>\n","protected":false},"excerpt":{"rendered":"<p>Information til ejendomsm\u00e6glere- Vedt\u00e6gter, referater mv. kan findes p\u00e5 www.tranebanken.dk- Der er medlemspligt af grundejerforeningen- Grundejerforeningens kontingent udg\u00f8r i 2025 kr. 2250,00 der opkr\u00e6ves i l\u00f8bet af andet kvartal- Kontingentet d\u00e6kker det kalender\u00e5r, hvori det er betalt- Kontingentet stiger med 150 kr. \u00e5rligt indtil generalforsamlingen beslutter noget andet. Der spares op til ny vejbel\u00e6gning- Der &hellip; <a href=\"https:\/\/www.tranebanken.dk\/?page_id=28\" class=\"more-link\">L\u00e6s mere <span class=\"screen-reader-text\">Ejendomsm\u00e6glere<\/span><\/a><\/p>\n","protected":false},"author":1,"featured_media":0,"parent":0,"menu_order":0,"comment_status":"closed","ping_status":"closed","template":"","meta":{"footnotes":""},"class_list":["post-28","page","type-page","status-publish","hentry"],"_links":{"self":[{"href":"https:\/\/www.tranebanken.dk\/index.php?rest_route=\/wp\/v2\/pages\/28","targetHints":{"allow":["GET"]}}],"collection":[{"href":"https:\/\/www.tranebanken.dk\/index.php?rest_route=\/wp\/v2\/pages"}],"about":[{"href":"https:\/\/www.tranebanken.dk\/index.php?rest_route=\/wp\/v2\/types\/page"}],"author":[{"embeddable":true,"href":"https:\/\/www.tranebanken.dk\/index.php?rest_route=\/wp\/v2\/users\/1"}],"replies":[{"embeddable":true,"href":"https:\/\/www.tranebanken.dk\/index.php?rest_route=%2Fwp%2Fv2%2Fcomments&post=28"}],"version-history":[{"count":13,"href":"https:\/\/www.tranebanken.dk\/index.php?rest_route=\/wp\/v2\/pages\/28\/revisions"}],"predecessor-version":[{"id":161,"href":"https:\/\/www.tranebanken.dk\/index.php?rest_route=\/wp\/v2\/pages\/28\/revisions\/161"}],"wp:attachment":[{"href":"https:\/\/www.tranebanken.dk\/index.php?rest_route=%2Fwp%2Fv2%2Fmedia&parent=28"}],"curies":[{"name":"wp","href":"https:\/\/api.w.org\/{rel}","templated":true}]}}