{"id":13,"date":"2022-04-05T08:30:48","date_gmt":"2022-04-05T08:30:48","guid":{"rendered":"https:\/\/www.tranebanken.dk\/?page_id=13"},"modified":"2022-04-05T10:24:35","modified_gmt":"2022-04-05T10:24:35","slug":"faelleshuset","status":"publish","type":"page","link":"https:\/\/www.tranebanken.dk\/?page_id=13","title":{"rendered":"F\u00e6lleshuset"},"content":{"rendered":"<p>F\u00e6lles huset p\u00e5 Tranebanken h\u00f8rer til Andelsboligforeningen Troldehegnet.<\/p>\n<p>Huset kan lejes af beboere p\u00e5 Tranebanken.<\/p>\n<p>Se mere p\u00e5 <a href=\"https:\/\/www.abtroldehegnet.dk\/\">www.abtroldehegnet.dk<\/a><\/p>\n\n\n<p><\/p>\n","protected":false},"excerpt":{"rendered":"<p>F\u00e6lles huset p\u00e5 Tranebanken h\u00f8rer til Andelsboligforeningen Troldehegnet. Huset kan lejes af beboere p\u00e5 Tranebanken. Se mere p\u00e5 www.abtroldehegnet.dk<\/p>\n","protected":false},"author":1,"featured_media":0,"parent":0,"menu_order":0,"comment_status":"closed","ping_status":"closed","template":"","meta":{"footnotes":""},"class_list":["post-13","page","type-page","status-publish","hentry"],"_links":{"self":[{"href":"https:\/\/www.tranebanken.dk\/index.php?rest_route=\/wp\/v2\/pages\/13","targetHints":{"allow":["GET"]}}],"collection":[{"href":"https:\/\/www.tranebanken.dk\/index.php?rest_route=\/wp\/v2\/pages"}],"about":[{"href":"https:\/\/www.tranebanken.dk\/index.php?rest_route=\/wp\/v2\/types\/page"}],"author":[{"embeddable":true,"href":"https:\/\/www.tranebanken.dk\/index.php?rest_route=\/wp\/v2\/users\/1"}],"replies":[{"embeddable":true,"href":"https:\/\/www.tranebanken.dk\/index.php?rest_route=%2Fwp%2Fv2%2Fcomments&post=13"}],"version-history":[{"count":3,"href":"https:\/\/www.tranebanken.dk\/index.php?rest_route=\/wp\/v2\/pages\/13\/revisions"}],"predecessor-version":[{"id":71,"href":"https:\/\/www.tranebanken.dk\/index.php?rest_route=\/wp\/v2\/pages\/13\/revisions\/71"}],"wp:attachment":[{"href":"https:\/\/www.tranebanken.dk\/index.php?rest_route=%2Fwp%2Fv2%2Fmedia&parent=13"}],"curies":[{"name":"wp","href":"https:\/\/api.w.org\/{rel}","templated":true}]}}