{"id":11,"date":"2022-04-05T08:30:48","date_gmt":"2022-04-05T08:30:48","guid":{"rendered":"https:\/\/www.tranebanken.dk\/?page_id=11"},"modified":"2025-07-13T07:21:39","modified_gmt":"2025-07-13T07:21:39","slug":"generalforsamling-referater","status":"publish","type":"page","link":"https:\/\/www.tranebanken.dk\/?page_id=11","title":{"rendered":"Generalforsamling &#8211; Referater"},"content":{"rendered":"\n<pre class=\"wp-block-preformatted\">Her kan du finde generalforsamlingsreferater for Grundejerforeningen Tranebanken.<br>Klik p\u00e5 det \u00e5rstal du \u00f8nsker at se referatet for.<br><br><a href=\"https:\/\/www.tranebanken.dk\/wp-content\/uploads\/2025\/07\/RefGrf2025.pdf\" target=\"_blank\" rel=\"noreferrer noopener\">2025<\/a><br><a href=\"https:\/\/www.tranebanken.dk\/wp-content\/uploads\/2025\/02\/RefGrf2024.pdf\">2024<\/a><br><a href=\"https:\/\/www.tranebanken.dk\/wp-content\/uploads\/2023\/04\/RefGrf2023.pdf\" target=\"_blank\" rel=\"noreferrer noopener\">2023<\/a><br><a href=\"https:\/\/www.tranebanken.dk\/wp-content\/uploads\/2022\/05\/RefGrf2022.pdf\" data-type=\"URL\" data-id=\"https:\/\/www.tranebanken.dk\/wp-content\/uploads\/2022\/05\/RefGrf2022.pdf\" target=\"_blank\" rel=\"noreferrer noopener\">2022<\/a><br><a href=\"https:\/\/www.tranebanken.dk\/wp-content\/uploads\/2022\/05\/RefGrf2021.pdf\" data-type=\"URL\" data-id=\"https:\/\/www.tranebanken.dk\/wp-content\/uploads\/2022\/05\/RefGrf2021.pdf\" target=\"_blank\" rel=\"noreferrer noopener\">2021<\/a><br><a href=\"https:\/\/www.tranebanken.dk\/wp-content\/uploads\/2022\/05\/RefGrf2020.pdf\" data-type=\"URL\" data-id=\"https:\/\/www.tranebanken.dk\/wp-content\/uploads\/2022\/05\/RefGrf2020.pdf\" target=\"_blank\" rel=\"noreferrer noopener\">2020<\/a><\/pre>\n\n\n\n<p><\/p>\n","protected":false},"excerpt":{"rendered":"<p>Her kan du finde generalforsamlingsreferater for Grundejerforeningen Tranebanken.Klik p\u00e5 det \u00e5rstal du \u00f8nsker at se referatet for.202520242023202220212020<\/p>\n","protected":false},"author":1,"featured_media":0,"parent":0,"menu_order":0,"comment_status":"closed","ping_status":"closed","template":"","meta":{"footnotes":""},"class_list":["post-11","page","type-page","status-publish","hentry"],"_links":{"self":[{"href":"https:\/\/www.tranebanken.dk\/index.php?rest_route=\/wp\/v2\/pages\/11","targetHints":{"allow":["GET"]}}],"collection":[{"href":"https:\/\/www.tranebanken.dk\/index.php?rest_route=\/wp\/v2\/pages"}],"about":[{"href":"https:\/\/www.tranebanken.dk\/index.php?rest_route=\/wp\/v2\/types\/page"}],"author":[{"embeddable":true,"href":"https:\/\/www.tranebanken.dk\/index.php?rest_route=\/wp\/v2\/users\/1"}],"replies":[{"embeddable":true,"href":"https:\/\/www.tranebanken.dk\/index.php?rest_route=%2Fwp%2Fv2%2Fcomments&post=11"}],"version-history":[{"count":11,"href":"https:\/\/www.tranebanken.dk\/index.php?rest_route=\/wp\/v2\/pages\/11\/revisions"}],"predecessor-version":[{"id":158,"href":"https:\/\/www.tranebanken.dk\/index.php?rest_route=\/wp\/v2\/pages\/11\/revisions\/158"}],"wp:attachment":[{"href":"https:\/\/www.tranebanken.dk\/index.php?rest_route=%2Fwp%2Fv2%2Fmedia&parent=11"}],"curies":[{"name":"wp","href":"https:\/\/api.w.org\/{rel}","templated":true}]}}